{"id":20701,"date":"2021-07-23T22:32:53","date_gmt":"2021-07-23T22:32:53","guid":{"rendered":"https:\/\/fotosenderismo.com\/wordpress\/?page_id=20701"},"modified":"2021-07-23T23:20:16","modified_gmt":"2021-07-23T23:20:16","slug":"busqueda-simple","status":"publish","type":"page","link":"https:\/\/fotosenderismo.com\/wordpress\/index.php\/busqueda-simple\/","title":{"rendered":"B\u00fasqueda simple"},"content":{"rendered":"\n<p style=\"font-size:22px\"><strong><em>Caja de b\u00fasqueda simple<\/em><\/strong><\/p>\n\n\n\n<p>Puedes escribir tantos t\u00e9rminos como quieras utilizando comas para separarlos. Si utilizas dos o m\u00e1s t\u00e9rminos, obtendr\u00e1s las entradas que contengan al mismo tiempo esos dos o m\u00e1s t\u00e9rminos.<\/p>\n\n\n<form role=\"search\" method=\"get\" action=\"https:\/\/fotosenderismo.com\/wordpress\/\" class=\"wp-block-search__button-outside wp-block-search__text-button wp-block-search\"    ><label class=\"wp-block-search__label\" for=\"wp-block-search__input-1\" >Buscar<\/label><div class=\"wp-block-search__inside-wrapper\" ><input class=\"wp-block-search__input\" id=\"wp-block-search__input-1\" placeholder=\"Escribe aqu\u00ed los t\u00e9rminos de b\u00fasqueda que quieras\" value=\"\" type=\"search\" name=\"s\" required \/><button aria-label=\"Buscar\" class=\"wp-block-search__button wp-element-button\" type=\"submit\" >Buscar<\/button><\/div><\/form>\n\n\n<p><\/p>\n","protected":false},"excerpt":{"rendered":"<p>Caja de b\u00fasqueda simple Puedes escribir tantos t\u00e9rminos como quieras utilizando comas para separarlos. Si<\/p>\n","protected":false},"author":1,"featured_media":20662,"parent":0,"menu_order":0,"comment_status":"closed","ping_status":"closed","template":"","meta":{"footnotes":""},"class_list":["post-20701","page","type-page","status-publish","has-post-thumbnail","hentry"],"_links":{"self":[{"href":"https:\/\/fotosenderismo.com\/wordpress\/index.php\/wp-json\/wp\/v2\/pages\/20701","targetHints":{"allow":["GET"]}}],"collection":[{"href":"https:\/\/fotosenderismo.com\/wordpress\/index.php\/wp-json\/wp\/v2\/pages"}],"about":[{"href":"https:\/\/fotosenderismo.com\/wordpress\/index.php\/wp-json\/wp\/v2\/types\/page"}],"author":[{"embeddable":true,"href":"https:\/\/fotosenderismo.com\/wordpress\/index.php\/wp-json\/wp\/v2\/users\/1"}],"replies":[{"embeddable":true,"href":"https:\/\/fotosenderismo.com\/wordpress\/index.php\/wp-json\/wp\/v2\/comments?post=20701"}],"version-history":[{"count":23,"href":"https:\/\/fotosenderismo.com\/wordpress\/index.php\/wp-json\/wp\/v2\/pages\/20701\/revisions"}],"predecessor-version":[{"id":20733,"href":"https:\/\/fotosenderismo.com\/wordpress\/index.php\/wp-json\/wp\/v2\/pages\/20701\/revisions\/20733"}],"wp:featuredmedia":[{"embeddable":true,"href":"https:\/\/fotosenderismo.com\/wordpress\/index.php\/wp-json\/wp\/v2\/media\/20662"}],"wp:attachment":[{"href":"https:\/\/fotosenderismo.com\/wordpress\/index.php\/wp-json\/wp\/v2\/media?parent=20701"}],"curies":[{"name":"wp","href":"https:\/\/api.w.org\/{rel}","templated":true}]}}