{"id":16682,"date":"2020-01-07T15:35:30","date_gmt":"2020-01-07T15:35:30","guid":{"rendered":"https:\/\/fotosenderismo.com\/wordpress\/?page_id=16682"},"modified":"2020-02-07T23:18:23","modified_gmt":"2020-02-07T23:18:23","slug":"suscribirse","status":"publish","type":"page","link":"https:\/\/fotosenderismo.com\/wordpress\/index.php\/suscribirse\/","title":{"rendered":"Suscribirse para recibir novedades"},"content":{"rendered":"\n<p style=\"font-size:18px\" class=\"has-background has-text-align-left has-very-light-gray-background-color\"><strong> Si quieres recibir notificaciones de las nuevas entradas y excursiones,  escribe tu correo electr\u00f3nico en el campo correspondiente. Antes de suscribirte, sin embargo, debes leer nuestra pol\u00edtca de pivacidad:<\/strong><\/p>\n\n\n\n<p style=\"color:#0300a3;font-size:18px\" class=\"has-text-color has-text-align-center\"><strong><a href=\"https:\/\/fotosenderismo.com\/wordpress\/index.php\/politica-de-privacidad\/\" target=\"_blank\" rel=\"noreferrer noopener\" aria-label=\"LEE NUESTRA POL\u00cdTICA DE PRIVACIDAD  (opens in a new tab)\">LEE NUESTRA POL\u00cdTICA DE PRIVACIDAD <\/a><\/strong><\/p>\n\n\n\n<p class=\"has-text-align-center\">  \n  \n  <div class=\"\n    mailpoet_form_popup_overlay\n      \"><\/div>\n  <div\n    id=\"mailpoet_form_1\"\n    class=\"\n      mailpoet_form\n      mailpoet_form_shortcode\n      mailpoet_form_position_\n      mailpoet_form_animation_\n    \"\n      >\n\n    <style type=\"text\/css\">\n     #mailpoet_form_1 .mailpoet_form {  }\n#mailpoet_form_1 .mailpoet_paragraph { line-height: 20px; }\n#mailpoet_form_1 .mailpoet_segment_label, #mailpoet_form_1 .mailpoet_text_label, #mailpoet_form_1 .mailpoet_textarea_label, #mailpoet_form_1 .mailpoet_select_label, #mailpoet_form_1 .mailpoet_radio_label, #mailpoet_form_1 .mailpoet_checkbox_label, #mailpoet_form_1 .mailpoet_list_label, #mailpoet_form_1 .mailpoet_date_label { display: block; font-weight: bold; }\n#mailpoet_form_1 .mailpoet_text, #mailpoet_form_1 .mailpoet_textarea, #mailpoet_form_1 .mailpoet_select, #mailpoet_form_1 .mailpoet_date_month, #mailpoet_form_1 .mailpoet_date_day, #mailpoet_form_1 .mailpoet_date_year, #mailpoet_form_1 .mailpoet_date { display: block; }\n#mailpoet_form_1 .mailpoet_text, #mailpoet_form_1 .mailpoet_textarea { width: 200px; }\n#mailpoet_form_1 .mailpoet_checkbox {  }\n#mailpoet_form_1 .mailpoet_submit input {  }\n#mailpoet_form_1 .mailpoet_divider {  }\n#mailpoet_form_1 .mailpoet_message {  }\n#mailpoet_form_1 .mailpoet_validate_success { font-weight: 600; color: #468847; }\n#mailpoet_form_1 .mailpoet_validate_error { color: #b94a48; }\n#mailpoet_form_1 .mailpoet_form_loading { width: 30px; text-align: center; line-height: normal; }\n#mailpoet_form_1 .mailpoet_form_loading > span { width: 5px; height: 5px; background-color: #5b5b5b; }#mailpoet_form_1{;}#mailpoet_form_1 .mailpoet_message {margin: 0; padding: 0 20px;}#mailpoet_form_1 .mailpoet_paragraph.last {margin-bottom: 0} @media (max-width: 500px) {#mailpoet_form_1 {background-image: none;}} @media (min-width: 500px) {#mailpoet_form_1 .last .mailpoet_paragraph:last-child {margin-bottom: 0}}  @media (max-width: 500px) {#mailpoet_form_1 .mailpoet_form_column:last-child .mailpoet_paragraph:last-child {margin-bottom: 0}} \n    <\/style>\n\n    <form\n      target=\"_self\"\n      method=\"post\"\n      action=\"https:\/\/fotosenderismo.com\/wordpress\/wp-admin\/admin-post.php?action=mailpoet_subscription_form\"\n      class=\"mailpoet_form mailpoet_form_form mailpoet_form_shortcode\"\n      novalidate\n      data-delay=\"\"\n      data-exit-intent-enabled=\"\"\n      data-font-family=\"\"\n      data-cookie-expiration-time=\"\"\n    >\n      <input type=\"hidden\" name=\"data[form_id]\" value=\"1\" \/>\n      <input type=\"hidden\" name=\"token\" value=\"53e7c38de4\" \/>\n      <input type=\"hidden\" name=\"api_version\" value=\"v1\" \/>\n      <input type=\"hidden\" name=\"endpoint\" value=\"subscribers\" \/>\n      <input type=\"hidden\" name=\"mailpoet_method\" value=\"subscribe\" \/>\n\n      <label class=\"mailpoet_hp_email_label\" style=\"display: none !important;\">Por favor, deja este campo vac\u00edo<input type=\"email\" name=\"data[email]\"\/><\/label><div class=\"mailpoet_paragraph\"><input type=\"text\" autocomplete=\"given-name\" class=\"mailpoet_text\" id=\"form_first_name_1\" name=\"data[form_field_NzMyZWY2NDMxODhmX2ZpcnN0X25hbWU=]\" title=\"Nombre\/no obligatorio\" value=\"\" data-automation-id=\"form_first_name\"  placeholder=\"Nombre\/no obligatorio\" aria-label=\"Nombre\/no obligatorio\" data-parsley-errors-container=\".mailpoet_error_td866\" data-parsley-names='[&quot;Por favor, especifica un nombre v\u00e1lido.&quot;,&quot;No est\u00e1n permitidas las direcciones en los nombres. Por favor, a\u00f1ade tu nombre en su lugar.&quot;]'\/><span class=\"mailpoet_error_td866\"><\/span><\/div>\n<div class=\"mailpoet_paragraph\"><input type=\"email\" autocomplete=\"email\" class=\"mailpoet_text\" id=\"form_email_1\" name=\"data[form_field_NjAxMjczMDk0YWQ1X2VtYWls]\" title=\"Correo electr\u00f3nico\" value=\"\" data-automation-id=\"form_email\"  placeholder=\"Correo electr\u00f3nico *\" aria-label=\"Correo electr\u00f3nico *\" data-parsley-errors-container=\".mailpoet_error_nq97g\" data-parsley-required=\"true\" required aria-required=\"true\" data-parsley-minlength=\"6\" data-parsley-maxlength=\"150\" data-parsley-type-message=\"Este valor debe ser un correo electr\u00f3nico v\u00e1lido.\" data-parsley-required-message=\"Este campo es obligatorio.\"\/><span class=\"mailpoet_error_nq97g\"><\/span><\/div>\n<div class=\"mailpoet_paragraph\" ><\/div>\n<div class=\"mailpoet_paragraph\"><fieldset><legend class=\"mailpoet_segment_label\" >Seleccionar la(s) lista(s):<\/legend><label class=\"mailpoet_checkbox_label\" for=\"mailpoet_segment_1\" ><input type=\"checkbox\" class=\"mailpoet_checkbox\" id=\"mailpoet_segment_1\" name=\"data[form_field_MDJjNTAxMzIxZDg2X3NlZ21lbnRz][]\" value=\"3\"  data-parsley-errors-container=\".mailpoet_error_o8a1c\" data-parsley-required=\"true\" required aria-required=\"true\" data-parsley-group=\"segments\" data-parsley-required-message=\"Por favor, selecciona una lista.\" \/> Lista de notificaci\u00f3n de entradas\/excursiones de fotosenderismo.com<\/label><span class=\"mailpoet_error_o8a1c\"><\/span><\/fieldset><\/div>\n<div class=\"mailpoet_paragraph\"><fieldset><legend class=\"mailpoet_checkbox_label\" >He le\u00eddo la pol\u00edtica de privacidad y acepto suscrcribirne <span class=\"mailpoet_required\" aria-hidden=\"true\">*<\/span><\/legend><input type=\"hidden\" value=\"1\"  name=\"data[cf_2]\" \/><label class=\"mailpoet_checkbox_label\" for=\"mailpoet_checkbox_2\" ><input type=\"checkbox\" class=\"mailpoet_checkbox\" id=\"mailpoet_checkbox_2\" name=\"data[cf_2]\" value=\"1\" data-parsley-errors-container=\".mailpoet_error_1n6nd\" data-parsley-required=\"true\" required aria-required=\"true\" data-parsley-required-message=\"Este campo es obligatorio.\" data-parsley-group=\"custom_field_2\" \/> ACEPTO SUSCRIBIRME<\/label><\/fieldset><span class=\"mailpoet_error_1n6nd\"><\/span><\/div>\n<div class=\"mailpoet_paragraph\"><input type=\"submit\" class=\"mailpoet_submit\" value=\"\u00a1Suscr\u00edbete!\" data-automation-id=\"subscribe-submit-button\" style=\"border-color:transparent;\" \/><span class=\"mailpoet_form_loading\"><span class=\"mailpoet_bounce1\"><\/span><span class=\"mailpoet_bounce2\"><\/span><span class=\"mailpoet_bounce3\"><\/span><\/span><\/div>\n\n      <div class=\"mailpoet_message\">\n        <p class=\"mailpoet_validate_success\"\n                style=\"display:none;\"\n                >Revisa tu bandeja de entrada o la carpeta de spam para confirmar tu suscripci\u00f3n.\n        <\/p>\n        <p class=\"mailpoet_validate_error\"\n                style=\"display:none;\"\n                >        <\/p>\n      <\/div>\n    <\/form>\n\n      <\/div>\n\n  <\/p>\n\n\n\n\n\n<p style=\"font-size:18px\" class=\"has-background has-very-light-gray-background-color\"><strong>Los correos recopilados por este formulario est\u00e1n destinados \u00fanicamente a informar sobre la nuevas publicaciones de <em>posts <\/em>y excursiones de fotosenderismo.com. No se utilizan para nada m\u00e1s y no se te va a ofrecer ning\u00fan producto ni ningun tipo de oferta comercial. Tampoco se van a ceder a terceras personas o entidades. <\/strong><\/p>\n\n\n\n<p style=\"color:#000000;font-size:18px\" class=\"has-text-color has-background has-text-align-left has-very-light-gray-background-color\"><strong>Si deseas eliminar la suscripci\u00f3n, puedes enviar un correo a: <a rel=\"noreferrer noopener\" aria-label=\"fotosenderismo.com@gmail.com (opens in a new tab)\" href=\"mailto:fotosenderismo.com@gmail.com\" target=\"_blank\">fotosenderismo.com@gmail.com<\/a>. Tambi\u00e9n puedes cancelarla cuando recibas el siguiente correo informativo asociado a la cuenta. Al pie del mismo, encontrar\u00e1s un link. S\u00f3lo tendr\u00e1s que linkar: <em>Unsubscribe <\/em>y se proceder\u00e1 a la cancelaci\u00f3n de forma inmediata y autom\u00e1tica.<\/strong><\/p>\n\n\n\n<p class=\"has-text-align-center\"><strong>13<\/strong><\/p>\n\n\n\n<p style=\"font-size:18px\" class=\"has-background has-very-light-gray-background-color\"><strong>Si has tenido alg\u00fan problema al suscribirte o darte de baja deja un comentario. Ser\u00e1s atendido por el administrador  tan pronto como sea possible.<\/strong><\/p>\n","protected":false},"excerpt":{"rendered":"<p>Si quieres recibir notificaciones de las nuevas entradas y excursiones, escribe tu correo electr\u00f3nico en<\/p>\n","protected":false},"author":1,"featured_media":18195,"parent":0,"menu_order":0,"comment_status":"open","ping_status":"closed","template":"","meta":{"footnotes":""},"class_list":["post-16682","page","type-page","status-publish","has-post-thumbnail","hentry"],"_links":{"self":[{"href":"https:\/\/fotosenderismo.com\/wordpress\/index.php\/wp-json\/wp\/v2\/pages\/16682","targetHints":{"allow":["GET"]}}],"collection":[{"href":"https:\/\/fotosenderismo.com\/wordpress\/index.php\/wp-json\/wp\/v2\/pages"}],"about":[{"href":"https:\/\/fotosenderismo.com\/wordpress\/index.php\/wp-json\/wp\/v2\/types\/page"}],"author":[{"embeddable":true,"href":"https:\/\/fotosenderismo.com\/wordpress\/index.php\/wp-json\/wp\/v2\/users\/1"}],"replies":[{"embeddable":true,"href":"https:\/\/fotosenderismo.com\/wordpress\/index.php\/wp-json\/wp\/v2\/comments?post=16682"}],"version-history":[{"count":58,"href":"https:\/\/fotosenderismo.com\/wordpress\/index.php\/wp-json\/wp\/v2\/pages\/16682\/revisions"}],"predecessor-version":[{"id":18199,"href":"https:\/\/fotosenderismo.com\/wordpress\/index.php\/wp-json\/wp\/v2\/pages\/16682\/revisions\/18199"}],"wp:featuredmedia":[{"embeddable":true,"href":"https:\/\/fotosenderismo.com\/wordpress\/index.php\/wp-json\/wp\/v2\/media\/18195"}],"wp:attachment":[{"href":"https:\/\/fotosenderismo.com\/wordpress\/index.php\/wp-json\/wp\/v2\/media?parent=16682"}],"curies":[{"name":"wp","href":"https:\/\/api.w.org\/{rel}","templated":true}]}}